{"id":29,"date":"2025-02-12T10:39:53","date_gmt":"2025-02-12T09:39:53","guid":{"rendered":"https:\/\/status.ruv-bkk.de\/?page_id=29"},"modified":"2025-02-12T10:39:54","modified_gmt":"2025-02-12T09:39:54","slug":"zwei-faktor-authentifizierung-in-nextcloud-share-bkk-ruv-de-einrichten","status":"publish","type":"page","link":"https:\/\/status.ruv-bkk.de\/?page_id=29","title":{"rendered":"Zwei-Faktor Authentifizierung in Nextcloud (share.bkk-ruv.de) einrichten"},"content":{"rendered":"\n<p>Login-Daten, bestehend aus Benutzername und Passwort,&nbsp; k\u00f6nnen leicht entwendet oder anderweitig kompromittiert werden. Eine deutliche Verbesserung der Sicherheit wird durch Einf\u00fchrung eines zweiten Faktors erreicht. Aus diesem Grund wird der Zugriff auf den Datei-Austausch-Server&nbsp;<strong>share.bkk-ruv.de<\/strong>&nbsp; k\u00fcnftig nur noch mit einer&nbsp;<a href=\"https:\/\/de.wikipedia.org\/wiki\/Zwei-Faktor-Authentisierung\">Zwei-Faktor-Authentifizierung<\/a>&nbsp;m\u00f6glich sein.<\/p>\n\n\n\n<p>Dieser Artikel hilft bei der Einrichtung und gibt einen \u00dcberblick \u00fcber die bestehenden Verfahren.<\/p>\n\n\n\n<p>Insgesamt stehen zwei Verfahren zu Verf\u00fcgung, um sich einen PIN f\u00fcr den zweiten Faktor zu generieren. In dieser Anleitung wird die Zwei-Faktor-Authentifizierung per&nbsp;<strong>E-Mail<\/strong>&nbsp;ausf\u00fchrlich beschrieben, da diese Variante sehr einfach und schnell einzurichten ist. Das Verfahren \u00fcber einen TOTP Client ist&nbsp;<strong>optional<\/strong>&nbsp;und wird nur jenen empfohlen die bereits mit diesem Protokoll vertraut sind.<\/p>\n\n\n\n<p>Bilder k\u00f6nnen in der Anleitung durch anklicken vergr\u00f6\u00dfert werden.<\/p>\n\n\n\n<h2 class=\"wp-block-heading\" id=\"ZweiFaktorAuthentifizierunginNextcloud(share.bkkruv.de)einrichten-ZweitenFaktorperE-Maileinrichten\">Zweiten Faktor per E-Mail einrichten<\/h2>\n\n\n\n<p>1. Melden Sie sich wie gewohnt auf\u00a0<a href=\"https:\/\/share.bkk-ruv.de\/\">https:\/\/share.bkk-ruv.de<\/a>\u00a0an.<\/p>\n\n\n\n<ol class=\"wp-block-list\"><\/ol>\n\n\n\n<figure class=\"wp-block-image\"><img decoding=\"async\" src=\"https:\/\/status.ruv-bkk.de:8443\/download\/thumbnails\/76218370\/Bildschirmfoto%202023-05-08%20um%2013.12.10.png?version=1&amp;modificationDate=1683545942508&amp;api=v2\" alt=\"\"\/><\/figure>\n\n\n\n<p>2. Rechts oben auf die Initialen (hier im Beispiel\u00a0<em>&#8222;MM&#8220;<\/em>) klicken und die\u00a0<em>&#8222;Einstellungen&#8220;<\/em>\u00a0ausw\u00e4hlen.\u00a0<\/p>\n\n\n\n<figure class=\"wp-block-image\"><img decoding=\"async\" src=\"https:\/\/status.ruv-bkk.de:8443\/download\/thumbnails\/76218370\/Bildschirmfoto%202023-05-08%20um%2013.17.01.png?version=1&amp;modificationDate=1683545942937&amp;api=v2\" alt=\"\"\/><\/figure>\n\n\n\n<p>3. In der Seitenleiste den Reiter\u00a0<em>&#8222;Sicherheit&#8220;<\/em>\u00a0aufrufen.<\/p>\n\n\n\n<figure class=\"wp-block-image\"><img decoding=\"async\" src=\"https:\/\/status.ruv-bkk.de:8443\/download\/thumbnails\/76218370\/Bildschirmfoto%202023-05-08%20um%2013.17.45.png?version=1&amp;modificationDate=1683545943092&amp;api=v2\" alt=\"\"\/><\/figure>\n\n\n\n<p>4. Bitte die Schaltfl\u00e4che\u00a0<em>&#8222;Zwei-Faktor Authentifizierung per E-Mail einschalten&#8220;<\/em>\u00a0anklicken. Darauf hin wird eine Nachricht an Ihre in Nextcloud hinterlegte E-Mail-Adresse geschickt.<\/p>\n\n\n\n<figure class=\"wp-block-image\"><img decoding=\"async\" src=\"https:\/\/status.ruv-bkk.de:8443\/download\/attachments\/76218370\/Bildschirmfoto%202023-05-08%20um%2013.18.39.png?version=1&amp;modificationDate=1683545943415&amp;api=v2\" alt=\"\"\/><\/figure>\n\n\n\n<p>5. In Ihrem Postfach sollen Sie nun eine Mail von\u00a0<strong>share@ruv-bkk.de<\/strong>\u00a0mit einem sechsstelligen Code finden.<\/p>\n\n\n\n<figure class=\"wp-block-image\"><img decoding=\"async\" src=\"https:\/\/status.ruv-bkk.de:8443\/download\/attachments\/76218370\/Bildschirmfoto%202023-05-08%20um%2013.20.39.png?version=1&amp;modificationDate=1683545943643&amp;api=v2\" alt=\"\"\/><\/figure>\n\n\n\n<p>6. Bitte tragen Sie den Code aus der eben erhaltenen Mail in das Textfeld ein und klicken Sie auf\u00a0<em>&#8222;Code best\u00e4tigen&#8220;<\/em>\u00a0.<\/p>\n\n\n\n<figure class=\"wp-block-image\"><img decoding=\"async\" src=\"https:\/\/status.ruv-bkk.de:8443\/download\/attachments\/76218370\/Bildschirmfoto%202023-05-08%20um%2013.29.09.png?version=1&amp;modificationDate=1683545943752&amp;api=v2\" alt=\"\"\/><\/figure>\n\n\n\n<p>7. Die Einrichtung ist nun fertig.<\/p>\n\n\n\n<p class=\"has-small-font-size\">\u00a0Bitte schauen Sie sich unten noch den Abschnitt\u00a0<em>&#8222;Anmelden mit der Zwei-Faktor Authentifizierung&#8220;<\/em>\u00a0an.<\/p>\n\n\n\n<h2 class=\"wp-block-heading\" id=\"ZweiFaktorAuthentifizierunginNextcloud(share.bkkruv.de)einrichten-AnmeldenmitderZwei-FaktorAuthentifizierung\">Anmelden mit der Zwei-Faktor Authentifizierung<\/h2>\n\n\n\n<p>Sobald die Zwei-Faktor Authentifizierung per E-Mail aktiviert \/ eingerichtet ist erfolgt die Anmeldung in diesen drei Schritten.<\/p>\n\n\n\n<p>1. Die Logindaten eingeben und\u00a0<em>&#8222;Anmelden&#8220;<\/em>\u00a0ausw\u00e4hlen.<\/p>\n\n\n\n<figure class=\"wp-block-image\"><img decoding=\"async\" src=\"https:\/\/status.ruv-bkk.de:8443\/download\/thumbnails\/76218370\/Bildschirmfoto%202023-05-08%20um%2013.12.10.png?version=1&amp;modificationDate=1683545942508&amp;api=v2\" alt=\"\"\/><\/figure>\n\n\n\n<p>2. Ein paar Sekunden nach dem klick auf\u00a0<em>&#8222;Anmelden&#8220;<\/em>\u00a0 sollten Sie von\u00a0<strong>share@ruv-bkk.de<\/strong>\u00a0eine Mail mit einer PIN erhalten haben.<\/p>\n\n\n\n<figure class=\"wp-block-image\"><img decoding=\"async\" src=\"https:\/\/status.ruv-bkk.de:8443\/download\/attachments\/76218370\/Bildschirmfoto%202023-05-08%20um%2013.34.47.png?version=1&amp;modificationDate=1683545943833&amp;api=v2\" alt=\"\"\/><\/figure>\n\n\n\n<p>3. Geben Sie diese PIN bitte in das Textfeld ein und schlie\u00dfen die Anmeldung mit\u00a0<em>&#8222;\u00fcbermitteln&#8220;<\/em>\u00a0 ab.<\/p>\n\n\n\n<figure class=\"wp-block-image\"><img decoding=\"async\" src=\"https:\/\/status.ruv-bkk.de:8443\/download\/thumbnails\/76218370\/Bildschirmfoto%202023-05-08%20um%2013.35.21.png?version=1&amp;modificationDate=1683545943966&amp;api=v2\" alt=\"\"\/><\/figure>\n\n\n\n<h2 class=\"wp-block-heading\" id=\"ZweiFaktorAuthentifizierunginNextcloud(share.bkkruv.de)einrichten-TOTPAuthenticatorApp\">TOTP Authenticator App<\/h2>\n\n\n\n<p>Wer m\u00f6chte kann auch eine TOTP kompatible App nutzen, um sich eine PIN f\u00fcr die Anmeldung generieren zu lassen. Dies ist jedoch nur jenen zu empfehlen, die mit diesem Verfahren vertraut sind. Allen anderen empfehlen wir die oben beschriebe Variante zu konfigurieren.<\/p>\n\n\n\n<p>F\u00fcr IOS und f\u00fcr Android k\u00f6nnen zum Beispiel diese Apps verwendet werden:&nbsp;<\/p>\n\n\n\n<ul class=\"wp-block-list\">\n<li>Microsoft Authenticator f\u00fcr\u00a0<a href=\"https:\/\/apps.apple.com\/de\/app\/microsoft-authenticator\/id983156458\">IOS (iPhone)<\/a>\u00a0und f\u00fcr\u00a0<a href=\"https:\/\/play.google.com\/store\/apps\/details?id=com.azure.authenticator&amp;hl=de&amp;gl=US&amp;pli=1\">Android<\/a>\u00a0<\/li>\n\n\n\n<li>Google Authenticator f\u00fcr\u00a0<a href=\"https:\/\/apps.apple.com\/de\/app\/google-authenticator\/id388497605\">IOS (iPhone)<\/a>\u00a0und f\u00fcr\u00a0<a href=\"https:\/\/play.google.com\/store\/apps\/details?id=com.google.android.apps.authenticator2&amp;hl=de&amp;gl=US\">Android<\/a><\/li>\n<\/ul>\n","protected":false},"excerpt":{"rendered":"<p>Login-Daten, bestehend aus Benutzername und Passwort,&nbsp; k\u00f6nnen leicht entwendet oder anderweitig kompromittiert werden. Eine deutliche Verbesserung der Sicherheit wird durch Einf\u00fchrung eines zweiten Faktors erreicht. Aus diesem Grund wird der Zugriff auf den Datei-Austausch-Server&nbsp;share.bkk-ruv.de&nbsp; k\u00fcnftig nur noch mit einer&nbsp;Zwei-Faktor-Authentifizierung&nbsp;m\u00f6glich sein. Dieser Artikel hilft bei der Einrichtung und gibt einen \u00dcberblick \u00fcber die bestehenden Verfahren. Insgesamt &#8230; <a title=\"Zwei-Faktor Authentifizierung in Nextcloud (share.bkk-ruv.de) einrichten\" class=\"read-more\" href=\"https:\/\/status.ruv-bkk.de\/?page_id=29\" aria-label=\"Mehr Informationen \u00fcber Zwei-Faktor Authentifizierung in Nextcloud (share.bkk-ruv.de) einrichten\">Weiterlesen<\/a><\/p>\n","protected":false},"author":1,"featured_media":0,"parent":0,"menu_order":0,"comment_status":"closed","ping_status":"closed","template":"","meta":{"footnotes":""},"class_list":["post-29","page","type-page","status-publish"],"_links":{"self":[{"href":"https:\/\/status.ruv-bkk.de\/index.php?rest_route=\/wp\/v2\/pages\/29","targetHints":{"allow":["GET"]}}],"collection":[{"href":"https:\/\/status.ruv-bkk.de\/index.php?rest_route=\/wp\/v2\/pages"}],"about":[{"href":"https:\/\/status.ruv-bkk.de\/index.php?rest_route=\/wp\/v2\/types\/page"}],"author":[{"embeddable":true,"href":"https:\/\/status.ruv-bkk.de\/index.php?rest_route=\/wp\/v2\/users\/1"}],"replies":[{"embeddable":true,"href":"https:\/\/status.ruv-bkk.de\/index.php?rest_route=%2Fwp%2Fv2%2Fcomments&post=29"}],"version-history":[{"count":1,"href":"https:\/\/status.ruv-bkk.de\/index.php?rest_route=\/wp\/v2\/pages\/29\/revisions"}],"predecessor-version":[{"id":30,"href":"https:\/\/status.ruv-bkk.de\/index.php?rest_route=\/wp\/v2\/pages\/29\/revisions\/30"}],"wp:attachment":[{"href":"https:\/\/status.ruv-bkk.de\/index.php?rest_route=%2Fwp%2Fv2%2Fmedia&parent=29"}],"curies":[{"name":"wp","href":"https:\/\/api.w.org\/{rel}","templated":true}]}}